{"id":575,"date":"2017-05-26T16:14:52","date_gmt":"2017-05-26T14:14:52","guid":{"rendered":"http:\/\/prodotti\/dragone\/"},"modified":"2018-11-20T14:01:09","modified_gmt":"2018-11-20T13:01:09","slug":"dragone","status":"publish","type":"page","link":"https:\/\/www.irriland.it\/fr\/produits\/dragone\/","title":{"rendered":"DRAGONE"},"content":{"rendered":"<div class=\"wpb-content-wrapper\"><p>[vc_row type=\u00a0\u00bbvc_default\u00a0\u00bb full_width=\u00a0\u00bbstretch_row\u00a0\u00bb bg_type=\u00a0\u00bbimage\u00a0\u00bb parallax_style=\u00a0\u00bbvcpb-vz-jquery\u00a0\u00bb bg_image_new=\u00a0\u00bbid^24|url^http:\/\/wp-content\/uploads\/2017\/05\/acciao-zincato.jpg|caption^null|alt^null|title^acciao-zincato|description^null\u00a0\u00bb enable_overlay=\u00a0\u00bbenable_overlay_value\u00a0\u00bb overlay_color=\u00a0\u00bbrgba(255,255,255,0.6)\u00a0\u00bb][vc_column][vc_column_text]<\/p>\n<p style=\"text-align: center;\">Le Dragone est le leader de la cat\u00e9gorie en termes de performances, les caract\u00e9ristiques et de durabilit\u00e9 car a \u00e9t\u00e9 con\u00e7u comme une machine professionnelle avec des caract\u00e9ristiques uniques sur le march\u00e9 comme le frein, l\u2019ordinateur, le syst\u00e8me d\u2019enroulement hydraulique au moyen d\u2019une pompe hydraulique entra\u00een\u00e9e par notre turbine haute efficience, la gamme des vannes de fermeture \u00e9lectrique et la structure, les protections et les jantes compl\u00e8tement galvanis\u00e9s<\/p>\n<p>[\/vc_column_text][\/vc_column][\/vc_row][vc_row type=\u00a0\u00bbvc_default\u00a0\u00bb full_width=\u00a0\u00bbstretch_row\u00a0\u00bb css=\u00a0\u00bb.vc_custom_1495810805026{margin-bottom: -35px !important;}\u00a0\u00bb][vc_column]<div class=\"dt-shortcode with-isotope\"><div class=\"wf-container dt-portfolio-shortcode jgrid-shortcode loading-effect-none iso-grid jg-container description-on-hover hover-style-two effect-bubba\" data-padding=\"20px\" data-cur-page=\"1\" data-posts-per-page=\"-1\" data-target-height=\"300px\">\n<div class=\"wf-cell\" data-post-id=\"724\" data-date=\"2017-05-26T16:09:55+02:00\" data-name=\"DRAGONE\">\n<article class=\"post post-724 dt_portfolio type-dt_portfolio status-publish has-post-thumbnail hentry dt_portfolio_category-dragone-fr dt_portfolio_category-28\">\n\n\t<figure class=\"rollover-project \">\n\t<a href=\"https:\/\/www.irriland.it\/fr\/project\/dragone\/\" class=\"layzr-bg\" title=\"DRAGONE\"  aria-label=\"Post image\"><img fetchpriority=\"high\" decoding=\"async\" class=\"preload-me jgrid-lazy-load aspect\" src=\"data:image\/svg+xml,%3Csvg%20xmlns%3D&#39;http%3A%2F%2Fwww.w3.org%2F2000%2Fsvg&#39;%20viewBox%3D&#39;0%200%20520%20390&#39;%2F%3E\" data-src=\"https:\/\/www.irriland.it\/wp-content\/uploads\/2017\/05\/DRAGONE-520x390.jpg\" data-srcset=\"https:\/\/www.irriland.it\/wp-content\/uploads\/2017\/05\/DRAGONE-520x390.jpg 520w, https:\/\/www.irriland.it\/wp-content\/uploads\/2017\/05\/DRAGONE-1040x780.jpg 1040w\" loading=\"eager\" style=\"--ratio: 520 \/ 390\" sizes=\"(max-width: 520px) 100vw, 520px\" alt=\"SISTEMA DI IRRIGAZIONE DRAGONE\" width=\"520\" height=\"390\"  \/><\/a>\t\t<figcaption class=\"rollover-content\">\n\t\t<div class=\"links-container\"><a href=\"https:\/\/www.irriland.it\/wp-content\/uploads\/2017\/05\/DRAGONE.jpg\" class=\"project-zoom dt-pswp-item dt-single-pswp-popup\" title=\"DRAGONE\" data-dt-img-description=\"DragOne \u00e8 leader di categoria in termini di performance, dotazione e durata.\n\u00c8 stato progettato per offrire caratteristiche uniche sul mercato, quali freno, computer e valvole di chiusura elettriche.\" data-large_image_width=\"1280\" data-large_image_height=\"960\" aria-label=\"Portfolio zoom icon\">Zoom<\/a><a href=\"https:\/\/www.irriland.it\/fr\/project\/dragone\/\" class=\"project-details\">D\u00e9tails<\/a><\/div>\t\t\t\t<div class=\"rollover-content-container\">\n\t\t\t<h3 class=\"entry-title\"><a href=\"https:\/\/www.irriland.it\/fr\/project\/dragone\/\" title=\"DRAGONE\" rel=\"bookmark\">DRAGONE<\/a><\/h3>\t\t<\/div>\n\t\t\t\t\t<\/figcaption>\n\t<\/figure>\n<\/article>\n\n<\/div><\/div><\/div>[\/vc_column][\/vc_row]<\/p>\n<\/div>","protected":false},"excerpt":{"rendered":"<p>[vc_row type=\u00a0\u00bbvc_default\u00a0\u00bb full_width=\u00a0\u00bbstretch_row\u00a0\u00bb bg_type=\u00a0\u00bbimage\u00a0\u00bb parallax_style=\u00a0\u00bbvcpb-vz-jquery\u00a0\u00bb bg_image_new=\u00a0\u00bbid^24|url^http:\/\/wp-content\/uploads\/2017\/05\/acciao-zincato.jpg|caption^null|alt^null|title^acciao-zincato|description^null\u00a0\u00bb enable_overlay=\u00a0\u00bbenable_overlay_value\u00a0\u00bb overlay_color=\u00a0\u00bbrgba(255,255,255,0.6)\u00a0\u00bb][vc_column][vc_column_text] Le Dragone est le leader de la cat\u00e9gorie en termes de performances, les caract\u00e9ristiques et de durabilit\u00e9 car a \u00e9t\u00e9 con\u00e7u comme une machine professionnelle avec des caract\u00e9ristiques uniques sur le march\u00e9 comme le frein, l\u2019ordinateur, le syst\u00e8me d\u2019enroulement hydraulique au moyen d\u2019une pompe hydraulique entra\u00een\u00e9e par&hellip;<\/p>\n","protected":false},"author":1,"featured_media":0,"parent":546,"menu_order":0,"comment_status":"closed","ping_status":"closed","template":"","meta":{"footnotes":""},"class_list":["post-575","page","type-page","status-publish","hentry","description-off"],"yoast_head":"<!-- This site is optimized with the Yoast SEO plugin v25.8 - https:\/\/yoast.com\/wordpress\/plugins\/seo\/ -->\n<title>DRAGONE | IRRILAND<\/title>\n<meta name=\"robots\" content=\"index, follow, max-snippet:-1, max-image-preview:large, max-video-preview:-1\" \/>\n<link rel=\"canonical\" href=\"https:\/\/www.irriland.it\/fr\/produits\/dragone\/\" \/>\n<meta property=\"og:locale\" content=\"fr_FR\" \/>\n<meta property=\"og:type\" content=\"article\" \/>\n<meta property=\"og:title\" content=\"DRAGONE | IRRILAND\" \/>\n<meta property=\"og:description\" content=\"[vc_row type=\u00a0\u00bbvc_default\u00a0\u00bb full_width=\u00a0\u00bbstretch_row\u00a0\u00bb bg_type=\u00a0\u00bbimage\u00a0\u00bb parallax_style=\u00a0\u00bbvcpb-vz-jquery\u00a0\u00bb bg_image_new=\u00a0\u00bbid^24|url^http:\/\/wp-content\/uploads\/2017\/05\/acciao-zincato.jpg|caption^null|alt^null|title^acciao-zincato|description^null\u00a0\u00bb enable_overlay=\u00a0\u00bbenable_overlay_value\u00a0\u00bb overlay_color=\u00a0\u00bbrgba(255,255,255,0.6)\u00a0\u00bb][vc_column][vc_column_text] Le Dragone est le leader de la cat\u00e9gorie en termes de performances, les caract\u00e9ristiques et de durabilit\u00e9 car a \u00e9t\u00e9 con\u00e7u comme une machine professionnelle avec des caract\u00e9ristiques uniques sur le march\u00e9 comme le frein, l\u2019ordinateur, le syst\u00e8me d\u2019enroulement hydraulique au moyen d\u2019une pompe hydraulique entra\u00een\u00e9e par&hellip;\" \/>\n<meta property=\"og:url\" content=\"https:\/\/www.irriland.it\/fr\/produits\/dragone\/\" \/>\n<meta property=\"og:site_name\" content=\"IRRILAND\" \/>\n<meta property=\"article:modified_time\" content=\"2018-11-20T13:01:09+00:00\" \/>\n<meta name=\"twitter:card\" content=\"summary_large_image\" \/>\n<meta name=\"twitter:label1\" content=\"Dur\u00e9e de lecture estim\u00e9e\" \/>\n\t<meta name=\"twitter:data1\" content=\"1 minute\" \/>\n<script type=\"application\/ld+json\" class=\"yoast-schema-graph\">{\"@context\":\"https:\/\/schema.org\",\"@graph\":[{\"@type\":\"WebPage\",\"@id\":\"https:\/\/www.irriland.it\/fr\/produits\/dragone\/\",\"url\":\"https:\/\/www.irriland.it\/fr\/produits\/dragone\/\",\"name\":\"DRAGONE | IRRILAND\",\"isPartOf\":{\"@id\":\"https:\/\/www.irriland.it\/#website\"},\"datePublished\":\"2017-05-26T14:14:52+00:00\",\"dateModified\":\"2018-11-20T13:01:09+00:00\",\"breadcrumb\":{\"@id\":\"https:\/\/www.irriland.it\/fr\/produits\/dragone\/#breadcrumb\"},\"inLanguage\":\"fr-FR\",\"potentialAction\":[{\"@type\":\"ReadAction\",\"target\":[\"https:\/\/www.irriland.it\/fr\/produits\/dragone\/\"]}]},{\"@type\":\"BreadcrumbList\",\"@id\":\"https:\/\/www.irriland.it\/fr\/produits\/dragone\/#breadcrumb\",\"itemListElement\":[{\"@type\":\"ListItem\",\"position\":1,\"name\":\"Home\",\"item\":\"https:\/\/www.irriland.it\/fr\/\"},{\"@type\":\"ListItem\",\"position\":2,\"name\":\"PRODUITS\",\"item\":\"https:\/\/www.irriland.it\/fr\/produits\/\"},{\"@type\":\"ListItem\",\"position\":3,\"name\":\"DRAGONE\"}]},{\"@type\":\"WebSite\",\"@id\":\"https:\/\/www.irriland.it\/#website\",\"url\":\"https:\/\/www.irriland.it\/\",\"name\":\"IRRILAND\",\"description\":\"Generatori al cardano, pivot e sistemi lineari\",\"publisher\":{\"@id\":\"https:\/\/www.irriland.it\/#organization\"},\"potentialAction\":[{\"@type\":\"SearchAction\",\"target\":{\"@type\":\"EntryPoint\",\"urlTemplate\":\"https:\/\/www.irriland.it\/?s={search_term_string}\"},\"query-input\":{\"@type\":\"PropertyValueSpecification\",\"valueRequired\":true,\"valueName\":\"search_term_string\"}}],\"inLanguage\":\"fr-FR\"},{\"@type\":\"Organization\",\"@id\":\"https:\/\/www.irriland.it\/#organization\",\"name\":\"Irriland srl\",\"url\":\"https:\/\/www.irriland.it\/\",\"logo\":{\"@type\":\"ImageObject\",\"inLanguage\":\"fr-FR\",\"@id\":\"https:\/\/www.irriland.it\/#\/schema\/logo\/image\/\",\"url\":\"https:\/\/www.irriland.it\/wp-content\/uploads\/2020\/10\/hd.png\",\"contentUrl\":\"https:\/\/www.irriland.it\/wp-content\/uploads\/2020\/10\/hd.png\",\"width\":362,\"height\":200,\"caption\":\"Irriland srl\"},\"image\":{\"@id\":\"https:\/\/www.irriland.it\/#\/schema\/logo\/image\/\"}}]}<\/script>\n<!-- \/ Yoast SEO plugin. -->","yoast_head_json":{"title":"DRAGONE | IRRILAND","robots":{"index":"index","follow":"follow","max-snippet":"max-snippet:-1","max-image-preview":"max-image-preview:large","max-video-preview":"max-video-preview:-1"},"canonical":"https:\/\/www.irriland.it\/fr\/produits\/dragone\/","og_locale":"fr_FR","og_type":"article","og_title":"DRAGONE | IRRILAND","og_description":"[vc_row type=\u00a0\u00bbvc_default\u00a0\u00bb full_width=\u00a0\u00bbstretch_row\u00a0\u00bb bg_type=\u00a0\u00bbimage\u00a0\u00bb parallax_style=\u00a0\u00bbvcpb-vz-jquery\u00a0\u00bb bg_image_new=\u00a0\u00bbid^24|url^http:\/\/wp-content\/uploads\/2017\/05\/acciao-zincato.jpg|caption^null|alt^null|title^acciao-zincato|description^null\u00a0\u00bb enable_overlay=\u00a0\u00bbenable_overlay_value\u00a0\u00bb overlay_color=\u00a0\u00bbrgba(255,255,255,0.6)\u00a0\u00bb][vc_column][vc_column_text] Le Dragone est le leader de la cat\u00e9gorie en termes de performances, les caract\u00e9ristiques et de durabilit\u00e9 car a \u00e9t\u00e9 con\u00e7u comme une machine professionnelle avec des caract\u00e9ristiques uniques sur le march\u00e9 comme le frein, l\u2019ordinateur, le syst\u00e8me d\u2019enroulement hydraulique au moyen d\u2019une pompe hydraulique entra\u00een\u00e9e par&hellip;","og_url":"https:\/\/www.irriland.it\/fr\/produits\/dragone\/","og_site_name":"IRRILAND","article_modified_time":"2018-11-20T13:01:09+00:00","twitter_card":"summary_large_image","twitter_misc":{"Dur\u00e9e de lecture estim\u00e9e":"1 minute"},"schema":{"@context":"https:\/\/schema.org","@graph":[{"@type":"WebPage","@id":"https:\/\/www.irriland.it\/fr\/produits\/dragone\/","url":"https:\/\/www.irriland.it\/fr\/produits\/dragone\/","name":"DRAGONE | IRRILAND","isPartOf":{"@id":"https:\/\/www.irriland.it\/#website"},"datePublished":"2017-05-26T14:14:52+00:00","dateModified":"2018-11-20T13:01:09+00:00","breadcrumb":{"@id":"https:\/\/www.irriland.it\/fr\/produits\/dragone\/#breadcrumb"},"inLanguage":"fr-FR","potentialAction":[{"@type":"ReadAction","target":["https:\/\/www.irriland.it\/fr\/produits\/dragone\/"]}]},{"@type":"BreadcrumbList","@id":"https:\/\/www.irriland.it\/fr\/produits\/dragone\/#breadcrumb","itemListElement":[{"@type":"ListItem","position":1,"name":"Home","item":"https:\/\/www.irriland.it\/fr\/"},{"@type":"ListItem","position":2,"name":"PRODUITS","item":"https:\/\/www.irriland.it\/fr\/produits\/"},{"@type":"ListItem","position":3,"name":"DRAGONE"}]},{"@type":"WebSite","@id":"https:\/\/www.irriland.it\/#website","url":"https:\/\/www.irriland.it\/","name":"IRRILAND","description":"Generatori al cardano, pivot e sistemi lineari","publisher":{"@id":"https:\/\/www.irriland.it\/#organization"},"potentialAction":[{"@type":"SearchAction","target":{"@type":"EntryPoint","urlTemplate":"https:\/\/www.irriland.it\/?s={search_term_string}"},"query-input":{"@type":"PropertyValueSpecification","valueRequired":true,"valueName":"search_term_string"}}],"inLanguage":"fr-FR"},{"@type":"Organization","@id":"https:\/\/www.irriland.it\/#organization","name":"Irriland srl","url":"https:\/\/www.irriland.it\/","logo":{"@type":"ImageObject","inLanguage":"fr-FR","@id":"https:\/\/www.irriland.it\/#\/schema\/logo\/image\/","url":"https:\/\/www.irriland.it\/wp-content\/uploads\/2020\/10\/hd.png","contentUrl":"https:\/\/www.irriland.it\/wp-content\/uploads\/2020\/10\/hd.png","width":362,"height":200,"caption":"Irriland srl"},"image":{"@id":"https:\/\/www.irriland.it\/#\/schema\/logo\/image\/"}}]}},"_links":{"self":[{"href":"https:\/\/www.irriland.it\/fr\/wp-json\/wp\/v2\/pages\/575","targetHints":{"allow":["GET"]}}],"collection":[{"href":"https:\/\/www.irriland.it\/fr\/wp-json\/wp\/v2\/pages"}],"about":[{"href":"https:\/\/www.irriland.it\/fr\/wp-json\/wp\/v2\/types\/page"}],"author":[{"embeddable":true,"href":"https:\/\/www.irriland.it\/fr\/wp-json\/wp\/v2\/users\/1"}],"replies":[{"embeddable":true,"href":"https:\/\/www.irriland.it\/fr\/wp-json\/wp\/v2\/comments?post=575"}],"version-history":[{"count":0,"href":"https:\/\/www.irriland.it\/fr\/wp-json\/wp\/v2\/pages\/575\/revisions"}],"up":[{"embeddable":true,"href":"https:\/\/www.irriland.it\/fr\/wp-json\/wp\/v2\/pages\/546"}],"wp:attachment":[{"href":"https:\/\/www.irriland.it\/fr\/wp-json\/wp\/v2\/media?parent=575"}],"curies":[{"name":"wp","href":"https:\/\/api.w.org\/{rel}","templated":true}]}}