{"id":508,"date":"2017-05-18T17:17:35","date_gmt":"2017-05-18T15:17:35","guid":{"rendered":"http:\/\/azienda\/"},"modified":"2020-12-22T10:39:45","modified_gmt":"2020-12-22T09:39:45","slug":"societe","status":"publish","type":"page","link":"https:\/\/www.irriland.it\/fr\/societe\/","title":{"rendered":"A PROPOS DE NOUS"},"content":{"rendered":"<div class=\"wpb-content-wrapper\"><p>[vc_row type=\u00a0\u00bbvc_default\u00a0\u00bb full_width=\u00a0\u00bbstretch_row_content_no_spaces\u00a0\u00bb bg_type=\u00a0\u00bbimage\u00a0\u00bb parallax_style=\u00a0\u00bbvcpb-vz-jquery\u00a0\u00bb bg_image_new=\u00a0\u00bbid^24|url^http:\/\/wp-content\/uploads\/2017\/05\/acciao-zincato.jpg|caption^null|alt^null|title^acciao-zincato|description^null\u00a0\u00bb enable_overlay=\u00a0\u00bbenable_overlay_value\u00a0\u00bb overlay_color=\u00a0\u00bbrgba(255,255,255,0.6)\u00a0\u00bb css=\u00a0\u00bb.vc_custom_1542644344499{margin-bottom: 35px !important;padding-top: 0px !important;}\u00a0\u00bb][vc_column][vc_row_inner css=\u00a0\u00bb.vc_custom_1495179982766{margin-top: -35px !important;background-color: #ffffff !important;}\u00a0\u00bb][vc_column_inner][vc_custom_heading text=\u00a0\u00bbIRRILAND: EVOLUTION FOREVER\u00a0\u00bb font_container=\u00a0\u00bbtag:h2|text_align:center|color:%23000000&Prime; use_theme_fonts=\u00a0\u00bbyes\u00a0\u00bb][vc_column_text]<\/p>\n<h3 style=\"text-align: center;\">S\u00dbR ET FIABLE DANS CHAQUE DOMAINE<\/h3>\n<p>[\/vc_column_text][vc_empty_space height=\u00a0\u00bb100px\u00a0\u00bb][\/vc_column_inner][\/vc_row_inner][vc_row_inner css=\u00a0\u00bb.vc_custom_1495179909572{background-color: rgba(255,255,255,0.6) !important;*background-color: rgb(255,255,255) !important;}\u00a0\u00bb][vc_column_inner width=\u00a0\u00bb1\/6&Prime;][\/vc_column_inner][vc_column_inner width=\u00a0\u00bb1\/3&Prime;][vc_custom_heading text=\u00a0\u00bbPROFIL\u00a0\u00bb font_container=\u00a0\u00bbtag:h2|text_align:left|color:%23000000&Prime; use_theme_fonts=\u00a0\u00bbyes\u00a0\u00bb][vc_column_text]Irriland est une soci\u00e9t\u00e9 jeune et dynamique, sp\u00e9cialis\u00e9e en conception, d\u00e9veloppement, production et assistance.<br \/>\nElle s&rsquo;occupe d&rsquo;enroleurs automatiques, ailes de pluie, pivot et s\u00e9parateurs pour lisier.<br \/>\nTout le personnel Irriland est parfaitement qualifi\u00e9 et form\u00e9 par du personnel d&rsquo;une grande exp\u00e9rience acquise gr\u00e2ce \u00e0 la collaboration avec des soci\u00e9t\u00e9s leaders dans le secteur de l&rsquo;irrigation.[\/vc_column_text][\/vc_column_inner][vc_column_inner width=\u00a0\u00bb1\/3&Prime;][vc_single_image image=\u00a0\u00bb2346&Prime; img_size=\u00a0\u00bblarge\u00a0\u00bb alignment=\u00a0\u00bbright\u00a0\u00bb onclick=\u00a0\u00bbimg_link_large\u00a0\u00bb css_animation=\u00a0\u00bbfadeInRight\u00a0\u00bb][vc_single_image image=\u00a0\u00bb2341&Prime; img_size=\u00a0\u00bblarge\u00a0\u00bb alignment=\u00a0\u00bbright\u00a0\u00bb onclick=\u00a0\u00bbimg_link_large\u00a0\u00bb css_animation=\u00a0\u00bbfadeInRight\u00a0\u00bb][\/vc_column_inner][vc_column_inner width=\u00a0\u00bb1\/6&Prime;][\/vc_column_inner][\/vc_row_inner][vc_row_inner css=\u00a0\u00bb.vc_custom_1495180458928{background-color: #ffffff !important;}\u00a0\u00bb][vc_column_inner width=\u00a0\u00bb1\/6&Prime;][\/vc_column_inner][vc_column_inner width=\u00a0\u00bb1\/3&Prime;][vc_single_image image=\u00a0\u00bb2357&Prime; img_size=\u00a0\u00bblarge\u00a0\u00bb onclick=\u00a0\u00bbimg_link_large\u00a0\u00bb css_animation=\u00a0\u00bbfadeInLeft\u00a0\u00bb][\/vc_column_inner][vc_column_inner width=\u00a0\u00bb1\/3&Prime;][vc_custom_heading text=\u00a0\u00bbSTRUCTURES\u00a0\u00bb font_container=\u00a0\u00bbtag:h2|text_align:left|color:%23000000&Prime; use_theme_fonts=\u00a0\u00bbyes\u00a0\u00bb][vc_column_text]L&rsquo;\u00e9tablissement Irriland occupe <strong>5.000 m2<\/strong> et poss\u00e8de tous les plus modernes \u00e9quipements.<br \/>\nLe personnel sp\u00e9cialis\u00e9 travaille dans un atelier de production de 2.000 m2<br \/>\nLes directeurs, employ\u00e9s et techniciens commerciaux disposent de 4.000 m2 de bureaux.<br \/>\nL&rsquo;entreprise poss\u00e8de un bureau technique avec syst\u00e8me <strong>CAD 3E Solid Edge<\/strong>, avec lequel lesd projets des <strong>nouvelles machines<\/strong> sont d\u00e9velop\u00e9es.[\/vc_column_text][\/vc_column_inner][vc_column_inner width=\u00a0\u00bb1\/6&Prime;][\/vc_column_inner][\/vc_row_inner][vc_row_inner equal_height=\u00a0\u00bbyes\u00a0\u00bb content_placement=\u00a0\u00bbbottom\u00a0\u00bb css=\u00a0\u00bb.vc_custom_1539685430031{background-color: rgba(255,255,255,0.6) !important;*background-color: rgb(255,255,255) !important;}\u00a0\u00bb][vc_column_inner width=\u00a0\u00bb1\/6&Prime;][vc_single_image image=\u00a0\u00bb2384&Prime; img_size=\u00a0\u00bblarge\u00a0\u00bb style=\u00a0\u00bbvc_box_circle_2&Prime; onclick=\u00a0\u00bbimg_link_large\u00a0\u00bb css_animation=\u00a0\u00bbfadeInLeftBig\u00a0\u00bb][\/vc_column_inner][vc_column_inner width=\u00a0\u00bb1\/3&Prime;][vc_single_image image=\u00a0\u00bb2394&Prime; img_size=\u00a0\u00bbmedium\u00a0\u00bb onclick=\u00a0\u00bbimg_link_large\u00a0\u00bb css_animation=\u00a0\u00bbfadeInDownBig\u00a0\u00bb][vc_custom_heading text=\u00a0\u00bbPLUS\u00a0\u00bb font_container=\u00a0\u00bbtag:h2|text_align:left|color:%23000000&Prime; use_theme_fonts=\u00a0\u00bbyes\u00a0\u00bb][vc_column_text]Irriland a impos\u00e9 son nom sur les march\u00e9s nationaux et internationaux gr\u00e2ce \u00e0 une tr\u00e8s <strong>vaste gamme de produits fiables et de derni\u00e8re g\u00e9n\u00e9ration<\/strong>.<br \/>\n\u00c0 la base de ce succ\u00e8s il y a la conception et l&rsquo;esprit de collaboration, les synergies de groupe entre professionnels et la recherche des solutions <strong>les mieux adapt\u00e9es aux exigences du client<\/strong>.[\/vc_column_text][\/vc_column_inner][vc_column_inner width=\u00a0\u00bb1\/3&Prime;][vc_single_image image=\u00a0\u00bb2389&Prime; img_size=\u00a0\u00bblarge\u00a0\u00bb alignment=\u00a0\u00bbright\u00a0\u00bb onclick=\u00a0\u00bbimg_link_large\u00a0\u00bb css_animation=\u00a0\u00bbbounceInRight\u00a0\u00bb][\/vc_column_inner][vc_column_inner width=\u00a0\u00bb1\/6&Prime;][\/vc_column_inner][\/vc_row_inner][\/vc_column][\/vc_row][vc_row type=\u00a0\u00bbvc_default\u00a0\u00bb full_width=\u00a0\u00bbstretch_row_content_no_spaces\u00a0\u00bb css=\u00a0\u00bb.vc_custom_1495181522336{margin-top: -35px !important;margin-bottom: -70px !important;}\u00a0\u00bb][vc_column]<div class=\"shortcode-banner shortcode-banner-link\" style=\"min-height: 200px;background-image: url(https:\/\/www.irriland.it\/wp-content\/uploads\/2017\/05\/banner.jpg)\" onclick=\"window.location.href='http:\/\/prodotti\/';\"><div class=\"shortcode-banner-bg wf-table\" style=\"padding: 10px;min-height: 200px\"><div class=\"shortcode-banner-inside wf-table text-big\" style=\"background-color: rgb(255,255,255);background-color: rgba(255,255,255,0.4);border: solid 10px transparent;outline: solid 3px;outline-color: rgba(255,255,255,0.01);height: 190px\"><div><h2 style=\"text-align: center;\"><span style=\"color: #509531;\">D\u00c9COUVREZ TOUS NOS PRODUITS &gt;&gt;<\/span><\/h2>\n<\/div><\/div><\/div><\/div>[\/vc_column][\/vc_row]<\/p>\n<\/div>","protected":false},"excerpt":{"rendered":"<p>[vc_row type=\u00a0\u00bbvc_default\u00a0\u00bb full_width=\u00a0\u00bbstretch_row_content_no_spaces\u00a0\u00bb bg_type=\u00a0\u00bbimage\u00a0\u00bb parallax_style=\u00a0\u00bbvcpb-vz-jquery\u00a0\u00bb bg_image_new=\u00a0\u00bbid^24|url^http:\/\/wp-content\/uploads\/2017\/05\/acciao-zincato.jpg|caption^null|alt^null|title^acciao-zincato|description^null\u00a0\u00bb enable_overlay=\u00a0\u00bbenable_overlay_value\u00a0\u00bb overlay_color=\u00a0\u00bbrgba(255,255,255,0.6)\u00a0\u00bb css=\u00a0\u00bb.vc_custom_1542644344499{margin-bottom: 35px !important;padding-top: 0px !important;}\u00a0\u00bb][vc_column][vc_row_inner css=\u00a0\u00bb.vc_custom_1495179982766{margin-top: -35px !important;background-color: #ffffff !important;}\u00a0\u00bb][vc_column_inner][vc_custom_heading text=\u00a0\u00bbIRRILAND: EVOLUTION FOREVER\u00a0\u00bb font_container=\u00a0\u00bbtag:h2|text_align:center|color:%23000000&Prime; use_theme_fonts=\u00a0\u00bbyes\u00a0\u00bb][vc_column_text] S\u00dbR ET FIABLE DANS CHAQUE DOMAINE [\/vc_column_text][vc_empty_space height=\u00a0\u00bb100px\u00a0\u00bb][\/vc_column_inner][\/vc_row_inner][vc_row_inner css=\u00a0\u00bb.vc_custom_1495179909572{background-color: rgba(255,255,255,0.6) !important;*background-color: rgb(255,255,255) !important;}\u00a0\u00bb][vc_column_inner width=\u00a0\u00bb1\/6&Prime;][\/vc_column_inner][vc_column_inner width=\u00a0\u00bb1\/3&Prime;][vc_custom_heading text=\u00a0\u00bbPROFIL\u00a0\u00bb font_container=\u00a0\u00bbtag:h2|text_align:left|color:%23000000&Prime; use_theme_fonts=\u00a0\u00bbyes\u00a0\u00bb][vc_column_text]Irriland est une soci\u00e9t\u00e9 jeune et dynamique, sp\u00e9cialis\u00e9e en conception, d\u00e9veloppement, production et assistance. Elle&hellip;<\/p>\n","protected":false},"author":1,"featured_media":0,"parent":0,"menu_order":0,"comment_status":"closed","ping_status":"closed","template":"","meta":{"footnotes":""},"class_list":["post-508","page","type-page","status-publish","hentry","description-off"],"yoast_head":"<!-- This site is optimized with the Yoast SEO plugin v25.8 - https:\/\/yoast.com\/wordpress\/plugins\/seo\/ -->\n<title>A PROPOS DE NOUS | IRRILAND<\/title>\n<meta name=\"description\" content=\"Le meilleur arroseur made in Italy pour votre champ agricole. arroseurs, motopompes et g\u00e9n\u00e9rateurs IRRILAND\" \/>\n<meta name=\"robots\" content=\"index, follow, max-snippet:-1, max-image-preview:large, max-video-preview:-1\" \/>\n<link rel=\"canonical\" href=\"https:\/\/www.irriland.it\/fr\/societe\/\" \/>\n<meta property=\"og:locale\" content=\"fr_FR\" \/>\n<meta property=\"og:type\" content=\"article\" \/>\n<meta property=\"og:title\" content=\"A PROPOS DE NOUS | IRRILAND\" \/>\n<meta property=\"og:description\" content=\"Le meilleur arroseur made in Italy pour votre champ agricole. arroseurs, motopompes et g\u00e9n\u00e9rateurs IRRILAND\" \/>\n<meta property=\"og:url\" content=\"https:\/\/www.irriland.it\/fr\/societe\/\" \/>\n<meta property=\"og:site_name\" content=\"IRRILAND\" \/>\n<meta property=\"article:modified_time\" content=\"2020-12-22T09:39:45+00:00\" \/>\n<meta name=\"twitter:card\" content=\"summary_large_image\" \/>\n<meta name=\"twitter:label1\" content=\"Dur\u00e9e de lecture estim\u00e9e\" \/>\n\t<meta name=\"twitter:data1\" content=\"3 minutes\" \/>\n<script type=\"application\/ld+json\" class=\"yoast-schema-graph\">{\"@context\":\"https:\/\/schema.org\",\"@graph\":[{\"@type\":\"WebPage\",\"@id\":\"https:\/\/www.irriland.it\/fr\/societe\/\",\"url\":\"https:\/\/www.irriland.it\/fr\/societe\/\",\"name\":\"A PROPOS DE NOUS | IRRILAND\",\"isPartOf\":{\"@id\":\"https:\/\/www.irriland.it\/#website\"},\"datePublished\":\"2017-05-18T15:17:35+00:00\",\"dateModified\":\"2020-12-22T09:39:45+00:00\",\"description\":\"Le meilleur arroseur made in Italy pour votre champ agricole. arroseurs, motopompes et g\u00e9n\u00e9rateurs IRRILAND\",\"breadcrumb\":{\"@id\":\"https:\/\/www.irriland.it\/fr\/societe\/#breadcrumb\"},\"inLanguage\":\"fr-FR\",\"potentialAction\":[{\"@type\":\"ReadAction\",\"target\":[\"https:\/\/www.irriland.it\/fr\/societe\/\"]}]},{\"@type\":\"BreadcrumbList\",\"@id\":\"https:\/\/www.irriland.it\/fr\/societe\/#breadcrumb\",\"itemListElement\":[{\"@type\":\"ListItem\",\"position\":1,\"name\":\"Home\",\"item\":\"https:\/\/www.irriland.it\/fr\/\"},{\"@type\":\"ListItem\",\"position\":2,\"name\":\"A PROPOS DE NOUS\"}]},{\"@type\":\"WebSite\",\"@id\":\"https:\/\/www.irriland.it\/#website\",\"url\":\"https:\/\/www.irriland.it\/\",\"name\":\"IRRILAND\",\"description\":\"Generatori al cardano, pivot e sistemi lineari\",\"publisher\":{\"@id\":\"https:\/\/www.irriland.it\/#organization\"},\"potentialAction\":[{\"@type\":\"SearchAction\",\"target\":{\"@type\":\"EntryPoint\",\"urlTemplate\":\"https:\/\/www.irriland.it\/?s={search_term_string}\"},\"query-input\":{\"@type\":\"PropertyValueSpecification\",\"valueRequired\":true,\"valueName\":\"search_term_string\"}}],\"inLanguage\":\"fr-FR\"},{\"@type\":\"Organization\",\"@id\":\"https:\/\/www.irriland.it\/#organization\",\"name\":\"Irriland srl\",\"url\":\"https:\/\/www.irriland.it\/\",\"logo\":{\"@type\":\"ImageObject\",\"inLanguage\":\"fr-FR\",\"@id\":\"https:\/\/www.irriland.it\/#\/schema\/logo\/image\/\",\"url\":\"https:\/\/www.irriland.it\/wp-content\/uploads\/2020\/10\/hd.png\",\"contentUrl\":\"https:\/\/www.irriland.it\/wp-content\/uploads\/2020\/10\/hd.png\",\"width\":362,\"height\":200,\"caption\":\"Irriland srl\"},\"image\":{\"@id\":\"https:\/\/www.irriland.it\/#\/schema\/logo\/image\/\"}}]}<\/script>\n<!-- \/ Yoast SEO plugin. -->","yoast_head_json":{"title":"A PROPOS DE NOUS | IRRILAND","description":"Le meilleur arroseur made in Italy pour votre champ agricole. arroseurs, motopompes et g\u00e9n\u00e9rateurs IRRILAND","robots":{"index":"index","follow":"follow","max-snippet":"max-snippet:-1","max-image-preview":"max-image-preview:large","max-video-preview":"max-video-preview:-1"},"canonical":"https:\/\/www.irriland.it\/fr\/societe\/","og_locale":"fr_FR","og_type":"article","og_title":"A PROPOS DE NOUS | IRRILAND","og_description":"Le meilleur arroseur made in Italy pour votre champ agricole. arroseurs, motopompes et g\u00e9n\u00e9rateurs IRRILAND","og_url":"https:\/\/www.irriland.it\/fr\/societe\/","og_site_name":"IRRILAND","article_modified_time":"2020-12-22T09:39:45+00:00","twitter_card":"summary_large_image","twitter_misc":{"Dur\u00e9e de lecture estim\u00e9e":"3 minutes"},"schema":{"@context":"https:\/\/schema.org","@graph":[{"@type":"WebPage","@id":"https:\/\/www.irriland.it\/fr\/societe\/","url":"https:\/\/www.irriland.it\/fr\/societe\/","name":"A PROPOS DE NOUS | IRRILAND","isPartOf":{"@id":"https:\/\/www.irriland.it\/#website"},"datePublished":"2017-05-18T15:17:35+00:00","dateModified":"2020-12-22T09:39:45+00:00","description":"Le meilleur arroseur made in Italy pour votre champ agricole. arroseurs, motopompes et g\u00e9n\u00e9rateurs IRRILAND","breadcrumb":{"@id":"https:\/\/www.irriland.it\/fr\/societe\/#breadcrumb"},"inLanguage":"fr-FR","potentialAction":[{"@type":"ReadAction","target":["https:\/\/www.irriland.it\/fr\/societe\/"]}]},{"@type":"BreadcrumbList","@id":"https:\/\/www.irriland.it\/fr\/societe\/#breadcrumb","itemListElement":[{"@type":"ListItem","position":1,"name":"Home","item":"https:\/\/www.irriland.it\/fr\/"},{"@type":"ListItem","position":2,"name":"A PROPOS DE NOUS"}]},{"@type":"WebSite","@id":"https:\/\/www.irriland.it\/#website","url":"https:\/\/www.irriland.it\/","name":"IRRILAND","description":"Generatori al cardano, pivot e sistemi lineari","publisher":{"@id":"https:\/\/www.irriland.it\/#organization"},"potentialAction":[{"@type":"SearchAction","target":{"@type":"EntryPoint","urlTemplate":"https:\/\/www.irriland.it\/?s={search_term_string}"},"query-input":{"@type":"PropertyValueSpecification","valueRequired":true,"valueName":"search_term_string"}}],"inLanguage":"fr-FR"},{"@type":"Organization","@id":"https:\/\/www.irriland.it\/#organization","name":"Irriland srl","url":"https:\/\/www.irriland.it\/","logo":{"@type":"ImageObject","inLanguage":"fr-FR","@id":"https:\/\/www.irriland.it\/#\/schema\/logo\/image\/","url":"https:\/\/www.irriland.it\/wp-content\/uploads\/2020\/10\/hd.png","contentUrl":"https:\/\/www.irriland.it\/wp-content\/uploads\/2020\/10\/hd.png","width":362,"height":200,"caption":"Irriland srl"},"image":{"@id":"https:\/\/www.irriland.it\/#\/schema\/logo\/image\/"}}]}},"_links":{"self":[{"href":"https:\/\/www.irriland.it\/fr\/wp-json\/wp\/v2\/pages\/508","targetHints":{"allow":["GET"]}}],"collection":[{"href":"https:\/\/www.irriland.it\/fr\/wp-json\/wp\/v2\/pages"}],"about":[{"href":"https:\/\/www.irriland.it\/fr\/wp-json\/wp\/v2\/types\/page"}],"author":[{"embeddable":true,"href":"https:\/\/www.irriland.it\/fr\/wp-json\/wp\/v2\/users\/1"}],"replies":[{"embeddable":true,"href":"https:\/\/www.irriland.it\/fr\/wp-json\/wp\/v2\/comments?post=508"}],"version-history":[{"count":0,"href":"https:\/\/www.irriland.it\/fr\/wp-json\/wp\/v2\/pages\/508\/revisions"}],"wp:attachment":[{"href":"https:\/\/www.irriland.it\/fr\/wp-json\/wp\/v2\/media?parent=508"}],"curies":[{"name":"wp","href":"https:\/\/api.w.org\/{rel}","templated":true}]}}