{"id":511,"date":"2017-05-18T17:17:35","date_gmt":"2017-05-18T15:17:35","guid":{"rendered":"http:\/\/azienda\/"},"modified":"2020-10-23T16:45:17","modified_gmt":"2020-10-23T14:45:17","slug":"sociedad","status":"publish","type":"page","link":"https:\/\/www.irriland.it\/es\/sociedad\/","title":{"rendered":"QUIEN SOMOS"},"content":{"rendered":"<div class=\"wpb-content-wrapper\"><p>[vc_row type=\u00bbvc_default\u00bb full_width=\u00bbstretch_row_content_no_spaces\u00bb bg_type=\u00bbimage\u00bb parallax_style=\u00bbvcpb-vz-jquery\u00bb bg_image_new=\u00bbid^24|url^http:\/\/wp-content\/uploads\/2017\/05\/acciao-zincato.jpg|caption^null|alt^null|title^acciao-zincato|description^null\u00bb enable_overlay=\u00bbenable_overlay_value\u00bb overlay_color=\u00bbrgba(255,255,255,0.6)\u00bb css=\u00bb.vc_custom_1542644367048{margin-bottom: 35px !important;padding-top: 0px !important;}\u00bb][vc_column][vc_row_inner css=\u00bb.vc_custom_1495179982766{margin-top: -35px !important;background-color: #ffffff !important;}\u00bb][vc_column_inner][vc_custom_heading text=\u00bbIRRILAND: EVOLUTION FOREVER\u00bb font_container=\u00bbtag:h2|text_align:center|color:%23000000&#8243; use_theme_fonts=\u00bbyes\u00bb][vc_column_text]<\/p>\n<h3 style=\"text-align: center;\">SEGUROS Y CONFIABLES EN CADA CAMPO<\/h3>\n<p>[\/vc_column_text][vc_empty_space height=\u00bb100px\u00bb][\/vc_column_inner][\/vc_row_inner][vc_row_inner css=\u00bb.vc_custom_1495179909572{background-color: rgba(255,255,255,0.6) !important;*background-color: rgb(255,255,255) !important;}\u00bb][vc_column_inner width=\u00bb1\/6&#8243;][\/vc_column_inner][vc_column_inner width=\u00bb1\/3&#8243;][vc_custom_heading text=\u00bbPERFIL\u00bb font_container=\u00bbtag:h2|text_align:left|color:%23000000&#8243; use_theme_fonts=\u00bbyes\u00bb][vc_column_text]Irriland es una sociedad joven y din\u00e1mica, especializada en el dise\u00f1o, desarrollo, producci\u00f3n y asistencia de regadores automaticos, ala regadoras, pivot, separador.<\/p>\n<p>Todo el equipo es altamente calificado, puesto que ha sido formado por personal de gran experiencia, adquirida en sociedades l\u00edderes en lo sectore de la irrigaci\u00f3n.<br \/>\n[\/vc_column_text][\/vc_column_inner][vc_column_inner width=\u00bb1\/3&#8243;][vc_single_image image=\u00bb2353&#8243; img_size=\u00bb600&#215;300&#8243; style=\u00bbvc_box_shadow_3d\u00bb css_animation=\u00bbfadeInRight\u00bb][vc_single_image image=\u00bb2343&#8243; img_size=\u00bb600&#215;300&#8243; style=\u00bbvc_box_shadow_3d\u00bb css_animation=\u00bbfadeInUp\u00bb][\/vc_column_inner][vc_column_inner width=\u00bb1\/6&#8243;][\/vc_column_inner][\/vc_row_inner][vc_row_inner css=\u00bb.vc_custom_1495180458928{background-color: #ffffff !important;}\u00bb][vc_column_inner width=\u00bb1\/6&#8243;][\/vc_column_inner][vc_column_inner width=\u00bb1\/3&#8243;][vc_single_image image=\u00bb2359&#8243; img_size=\u00bb600&#215;350&#8243; style=\u00bbvc_box_shadow_3d\u00bb css_animation=\u00bbfadeInLeft\u00bb][\/vc_column_inner][vc_column_inner width=\u00bb1\/3&#8243;][vc_custom_heading text=\u00bbEDIFICIOS\u00bb font_container=\u00bbtag:h2|text_align:left|color:%23000000&#8243; use_theme_fonts=\u00bbyes\u00bb][vc_column_text]Las oficinas y el establecimiento se extienden en un \u00e1rea de aproximadamente <strong>5.000 m\u00b2.<\/strong><br \/>\nEl personal especializado trabaja en una planta de producci\u00f3n de aproximadamente 2000 m\u00b2.<br \/>\nLos dirigentes, empleados y t\u00e9cnicos comerciales tienen a su disposici\u00f3n 400 m\u00b2 de oficinas, dotadas de los equipos m\u00e1s modernos para el desarrollo del trabajo.<br \/>\nLa sociedad cuenta con una oficina t\u00e9cnica equipada con sistema\u00a0<strong>CAD 3D<\/strong>, mediante el cual se analizan y se desarrollan los proyectos de las nuevas m\u00e1quinas.[\/vc_column_text][\/vc_column_inner][vc_column_inner width=\u00bb1\/6&#8243;][\/vc_column_inner][\/vc_row_inner][vc_row_inner equal_height=\u00bbyes\u00bb content_placement=\u00bbbottom\u00bb css=\u00bb.vc_custom_1539685564099{background-color: rgba(255,255,255,0.6) !important;*background-color: rgb(255,255,255) !important;}\u00bb][vc_column_inner width=\u00bb1\/6&#8243;][vc_single_image image=\u00bb2382&#8243; img_size=\u00bb600&#215;300&#8243; style=\u00bbvc_box_shadow_circle_2&#8243; css_animation=\u00bbfadeInLeft\u00bb][\/vc_column_inner][vc_column_inner width=\u00bb1\/3&#8243;][vc_single_image image=\u00bb2392&#8243; img_size=\u00bb300&#215;200&#8243; style=\u00bbvc_box_shadow_3d\u00bb css_animation=\u00bbfadeInLeft\u00bb][vc_custom_heading text=\u00bbPLUS\u00bb font_container=\u00bbtag:h2|text_align:left|color:%23000000&#8243; use_theme_fonts=\u00bbyes\u00bb][vc_column_text]Irriland\u00a0ha impuesto r\u00e1pidamente su nombre en los mercados nacionales e internacionales, con <strong>una vast\u00edsima gama de productos modernos y confiables.<\/strong><br \/>\nLa capacidad para elaborar proyectos, el esp\u00edritu de colaboraci\u00f3n, la disponibilidad para la b\u00fasqueda de las soluciones que mejor respondan <strong>a las necesidades de la clientela<\/strong> y la sinergia de un calificado grupo de profesionales, est\u00e1n en la base del \u00e9xito de\u00a0Irriland.[\/vc_column_text][\/vc_column_inner][vc_column_inner width=\u00bb1\/3&#8243;][vc_single_image image=\u00bb2387&#8243; img_size=\u00bb600&#215;400&#8243; style=\u00bbvc_box_shadow_3d\u00bb css_animation=\u00bbfadeInRight\u00bb][\/vc_column_inner][vc_column_inner width=\u00bb1\/6&#8243;][\/vc_column_inner][\/vc_row_inner][\/vc_column][\/vc_row][vc_row type=\u00bbvc_default\u00bb full_width=\u00bbstretch_row_content_no_spaces\u00bb css=\u00bb.vc_custom_1495181522336{margin-top: -35px !important;margin-bottom: -70px !important;}\u00bb][vc_column]<div class=\"shortcode-banner shortcode-banner-link\" style=\"min-height: 200px;background-image: url(https:\/\/www.irriland.it\/wp-content\/uploads\/2017\/05\/banner.jpg)\" onclick=\"window.location.href='http:\/\/prodotti\/';\"><div class=\"shortcode-banner-bg wf-table\" style=\"padding: 10px;min-height: 200px\"><div class=\"shortcode-banner-inside wf-table text-big\" style=\"background-color: rgb(255,255,255);background-color: rgba(255,255,255,0.4);border: solid 10px transparent;outline: solid 3px;outline-color: rgba(255,255,255,0.01);height: 190px\"><div><h2 style=\"text-align: center;\"><span style=\"color: #509531;\">DESCUBRE NUESTROS PRODUCTOS &gt;&gt;<\/span><\/h2>\n<\/div><\/div><\/div><\/div>[\/vc_column][\/vc_row]<\/p>\n<\/div>","protected":false},"excerpt":{"rendered":"<p>[vc_row type=\u00bbvc_default\u00bb full_width=\u00bbstretch_row_content_no_spaces\u00bb bg_type=\u00bbimage\u00bb parallax_style=\u00bbvcpb-vz-jquery\u00bb bg_image_new=\u00bbid^24|url^http:\/\/wp-content\/uploads\/2017\/05\/acciao-zincato.jpg|caption^null|alt^null|title^acciao-zincato|description^null\u00bb enable_overlay=\u00bbenable_overlay_value\u00bb overlay_color=\u00bbrgba(255,255,255,0.6)\u00bb css=\u00bb.vc_custom_1542644367048{margin-bottom: 35px !important;padding-top: 0px !important;}\u00bb][vc_column][vc_row_inner css=\u00bb.vc_custom_1495179982766{margin-top: -35px !important;background-color: #ffffff !important;}\u00bb][vc_column_inner][vc_custom_heading text=\u00bbIRRILAND: EVOLUTION FOREVER\u00bb font_container=\u00bbtag:h2|text_align:center|color:%23000000&#8243; use_theme_fonts=\u00bbyes\u00bb][vc_column_text] SEGUROS Y CONFIABLES EN CADA CAMPO [\/vc_column_text][vc_empty_space height=\u00bb100px\u00bb][\/vc_column_inner][\/vc_row_inner][vc_row_inner css=\u00bb.vc_custom_1495179909572{background-color: rgba(255,255,255,0.6) !important;*background-color: rgb(255,255,255) !important;}\u00bb][vc_column_inner width=\u00bb1\/6&#8243;][\/vc_column_inner][vc_column_inner width=\u00bb1\/3&#8243;][vc_custom_heading text=\u00bbPERFIL\u00bb font_container=\u00bbtag:h2|text_align:left|color:%23000000&#8243; use_theme_fonts=\u00bbyes\u00bb][vc_column_text]Irriland es una sociedad joven y din\u00e1mica, especializada en el dise\u00f1o, desarrollo, producci\u00f3n y asistencia&hellip;<\/p>\n","protected":false},"author":1,"featured_media":0,"parent":0,"menu_order":0,"comment_status":"closed","ping_status":"closed","template":"","meta":{"footnotes":""},"class_list":["post-511","page","type-page","status-publish","hentry","description-off"],"yoast_head":"<!-- This site is optimized with the Yoast SEO plugin v25.8 - https:\/\/yoast.com\/wordpress\/plugins\/seo\/ -->\n<title>QUIEN SOMOS | IRRILAND<\/title>\n<meta name=\"robots\" content=\"index, follow, max-snippet:-1, max-image-preview:large, max-video-preview:-1\" \/>\n<link rel=\"canonical\" href=\"https:\/\/www.irriland.it\/es\/sociedad\/\" \/>\n<meta property=\"og:locale\" content=\"es_ES\" \/>\n<meta property=\"og:type\" content=\"article\" \/>\n<meta property=\"og:title\" content=\"QUIEN SOMOS | IRRILAND\" \/>\n<meta property=\"og:description\" content=\"[vc_row type=\u00bbvc_default\u00bb full_width=\u00bbstretch_row_content_no_spaces\u00bb bg_type=\u00bbimage\u00bb parallax_style=\u00bbvcpb-vz-jquery\u00bb bg_image_new=\u00bbid^24|url^http:\/\/wp-content\/uploads\/2017\/05\/acciao-zincato.jpg|caption^null|alt^null|title^acciao-zincato|description^null\u00bb enable_overlay=\u00bbenable_overlay_value\u00bb overlay_color=\u00bbrgba(255,255,255,0.6)\u00bb css=\u00bb.vc_custom_1542644367048{margin-bottom: 35px !important;padding-top: 0px !important;}\u00bb][vc_column][vc_row_inner css=\u00bb.vc_custom_1495179982766{margin-top: -35px !important;background-color: #ffffff !important;}\u00bb][vc_column_inner][vc_custom_heading text=\u00bbIRRILAND: EVOLUTION FOREVER\u00bb font_container=\u00bbtag:h2|text_align:center|color:%23000000&#8243; use_theme_fonts=\u00bbyes\u00bb][vc_column_text] SEGUROS Y CONFIABLES EN CADA CAMPO [\/vc_column_text][vc_empty_space height=\u00bb100px\u00bb][\/vc_column_inner][\/vc_row_inner][vc_row_inner css=\u00bb.vc_custom_1495179909572{background-color: rgba(255,255,255,0.6) !important;*background-color: rgb(255,255,255) !important;}\u00bb][vc_column_inner width=\u00bb1\/6&#8243;][\/vc_column_inner][vc_column_inner width=\u00bb1\/3&#8243;][vc_custom_heading text=\u00bbPERFIL\u00bb font_container=\u00bbtag:h2|text_align:left|color:%23000000&#8243; use_theme_fonts=\u00bbyes\u00bb][vc_column_text]Irriland es una sociedad joven y din\u00e1mica, especializada en el dise\u00f1o, desarrollo, producci\u00f3n y asistencia&hellip;\" \/>\n<meta property=\"og:url\" content=\"https:\/\/www.irriland.it\/es\/sociedad\/\" \/>\n<meta property=\"og:site_name\" content=\"IRRILAND\" \/>\n<meta property=\"article:modified_time\" content=\"2020-10-23T14:45:17+00:00\" \/>\n<meta name=\"twitter:card\" content=\"summary_large_image\" \/>\n<meta name=\"twitter:label1\" content=\"Tiempo de lectura\" \/>\n\t<meta name=\"twitter:data1\" content=\"3 minutos\" \/>\n<script type=\"application\/ld+json\" class=\"yoast-schema-graph\">{\"@context\":\"https:\/\/schema.org\",\"@graph\":[{\"@type\":\"WebPage\",\"@id\":\"https:\/\/www.irriland.it\/es\/sociedad\/\",\"url\":\"https:\/\/www.irriland.it\/es\/sociedad\/\",\"name\":\"QUIEN SOMOS | IRRILAND\",\"isPartOf\":{\"@id\":\"https:\/\/www.irriland.it\/#website\"},\"datePublished\":\"2017-05-18T15:17:35+00:00\",\"dateModified\":\"2020-10-23T14:45:17+00:00\",\"breadcrumb\":{\"@id\":\"https:\/\/www.irriland.it\/es\/sociedad\/#breadcrumb\"},\"inLanguage\":\"es\",\"potentialAction\":[{\"@type\":\"ReadAction\",\"target\":[\"https:\/\/www.irriland.it\/es\/sociedad\/\"]}]},{\"@type\":\"BreadcrumbList\",\"@id\":\"https:\/\/www.irriland.it\/es\/sociedad\/#breadcrumb\",\"itemListElement\":[{\"@type\":\"ListItem\",\"position\":1,\"name\":\"Home\",\"item\":\"https:\/\/www.irriland.it\/es\/\"},{\"@type\":\"ListItem\",\"position\":2,\"name\":\"QUIEN SOMOS\"}]},{\"@type\":\"WebSite\",\"@id\":\"https:\/\/www.irriland.it\/#website\",\"url\":\"https:\/\/www.irriland.it\/\",\"name\":\"IRRILAND\",\"description\":\"Generatori al cardano, pivot e sistemi lineari\",\"publisher\":{\"@id\":\"https:\/\/www.irriland.it\/#organization\"},\"potentialAction\":[{\"@type\":\"SearchAction\",\"target\":{\"@type\":\"EntryPoint\",\"urlTemplate\":\"https:\/\/www.irriland.it\/?s={search_term_string}\"},\"query-input\":{\"@type\":\"PropertyValueSpecification\",\"valueRequired\":true,\"valueName\":\"search_term_string\"}}],\"inLanguage\":\"es\"},{\"@type\":\"Organization\",\"@id\":\"https:\/\/www.irriland.it\/#organization\",\"name\":\"Irriland srl\",\"url\":\"https:\/\/www.irriland.it\/\",\"logo\":{\"@type\":\"ImageObject\",\"inLanguage\":\"es\",\"@id\":\"https:\/\/www.irriland.it\/#\/schema\/logo\/image\/\",\"url\":\"https:\/\/www.irriland.it\/wp-content\/uploads\/2020\/10\/hd.png\",\"contentUrl\":\"https:\/\/www.irriland.it\/wp-content\/uploads\/2020\/10\/hd.png\",\"width\":362,\"height\":200,\"caption\":\"Irriland srl\"},\"image\":{\"@id\":\"https:\/\/www.irriland.it\/#\/schema\/logo\/image\/\"}}]}<\/script>\n<!-- \/ Yoast SEO plugin. -->","yoast_head_json":{"title":"QUIEN SOMOS | IRRILAND","robots":{"index":"index","follow":"follow","max-snippet":"max-snippet:-1","max-image-preview":"max-image-preview:large","max-video-preview":"max-video-preview:-1"},"canonical":"https:\/\/www.irriland.it\/es\/sociedad\/","og_locale":"es_ES","og_type":"article","og_title":"QUIEN SOMOS | IRRILAND","og_description":"[vc_row type=\u00bbvc_default\u00bb full_width=\u00bbstretch_row_content_no_spaces\u00bb bg_type=\u00bbimage\u00bb parallax_style=\u00bbvcpb-vz-jquery\u00bb bg_image_new=\u00bbid^24|url^http:\/\/wp-content\/uploads\/2017\/05\/acciao-zincato.jpg|caption^null|alt^null|title^acciao-zincato|description^null\u00bb enable_overlay=\u00bbenable_overlay_value\u00bb overlay_color=\u00bbrgba(255,255,255,0.6)\u00bb css=\u00bb.vc_custom_1542644367048{margin-bottom: 35px !important;padding-top: 0px !important;}\u00bb][vc_column][vc_row_inner css=\u00bb.vc_custom_1495179982766{margin-top: -35px !important;background-color: #ffffff !important;}\u00bb][vc_column_inner][vc_custom_heading text=\u00bbIRRILAND: EVOLUTION FOREVER\u00bb font_container=\u00bbtag:h2|text_align:center|color:%23000000&#8243; use_theme_fonts=\u00bbyes\u00bb][vc_column_text] SEGUROS Y CONFIABLES EN CADA CAMPO [\/vc_column_text][vc_empty_space height=\u00bb100px\u00bb][\/vc_column_inner][\/vc_row_inner][vc_row_inner css=\u00bb.vc_custom_1495179909572{background-color: rgba(255,255,255,0.6) !important;*background-color: rgb(255,255,255) !important;}\u00bb][vc_column_inner width=\u00bb1\/6&#8243;][\/vc_column_inner][vc_column_inner width=\u00bb1\/3&#8243;][vc_custom_heading text=\u00bbPERFIL\u00bb font_container=\u00bbtag:h2|text_align:left|color:%23000000&#8243; use_theme_fonts=\u00bbyes\u00bb][vc_column_text]Irriland es una sociedad joven y din\u00e1mica, especializada en el dise\u00f1o, desarrollo, producci\u00f3n y asistencia&hellip;","og_url":"https:\/\/www.irriland.it\/es\/sociedad\/","og_site_name":"IRRILAND","article_modified_time":"2020-10-23T14:45:17+00:00","twitter_card":"summary_large_image","twitter_misc":{"Tiempo de lectura":"3 minutos"},"schema":{"@context":"https:\/\/schema.org","@graph":[{"@type":"WebPage","@id":"https:\/\/www.irriland.it\/es\/sociedad\/","url":"https:\/\/www.irriland.it\/es\/sociedad\/","name":"QUIEN SOMOS | IRRILAND","isPartOf":{"@id":"https:\/\/www.irriland.it\/#website"},"datePublished":"2017-05-18T15:17:35+00:00","dateModified":"2020-10-23T14:45:17+00:00","breadcrumb":{"@id":"https:\/\/www.irriland.it\/es\/sociedad\/#breadcrumb"},"inLanguage":"es","potentialAction":[{"@type":"ReadAction","target":["https:\/\/www.irriland.it\/es\/sociedad\/"]}]},{"@type":"BreadcrumbList","@id":"https:\/\/www.irriland.it\/es\/sociedad\/#breadcrumb","itemListElement":[{"@type":"ListItem","position":1,"name":"Home","item":"https:\/\/www.irriland.it\/es\/"},{"@type":"ListItem","position":2,"name":"QUIEN SOMOS"}]},{"@type":"WebSite","@id":"https:\/\/www.irriland.it\/#website","url":"https:\/\/www.irriland.it\/","name":"IRRILAND","description":"Generatori al cardano, pivot e sistemi lineari","publisher":{"@id":"https:\/\/www.irriland.it\/#organization"},"potentialAction":[{"@type":"SearchAction","target":{"@type":"EntryPoint","urlTemplate":"https:\/\/www.irriland.it\/?s={search_term_string}"},"query-input":{"@type":"PropertyValueSpecification","valueRequired":true,"valueName":"search_term_string"}}],"inLanguage":"es"},{"@type":"Organization","@id":"https:\/\/www.irriland.it\/#organization","name":"Irriland srl","url":"https:\/\/www.irriland.it\/","logo":{"@type":"ImageObject","inLanguage":"es","@id":"https:\/\/www.irriland.it\/#\/schema\/logo\/image\/","url":"https:\/\/www.irriland.it\/wp-content\/uploads\/2020\/10\/hd.png","contentUrl":"https:\/\/www.irriland.it\/wp-content\/uploads\/2020\/10\/hd.png","width":362,"height":200,"caption":"Irriland srl"},"image":{"@id":"https:\/\/www.irriland.it\/#\/schema\/logo\/image\/"}}]}},"_links":{"self":[{"href":"https:\/\/www.irriland.it\/es\/wp-json\/wp\/v2\/pages\/511","targetHints":{"allow":["GET"]}}],"collection":[{"href":"https:\/\/www.irriland.it\/es\/wp-json\/wp\/v2\/pages"}],"about":[{"href":"https:\/\/www.irriland.it\/es\/wp-json\/wp\/v2\/types\/page"}],"author":[{"embeddable":true,"href":"https:\/\/www.irriland.it\/es\/wp-json\/wp\/v2\/users\/1"}],"replies":[{"embeddable":true,"href":"https:\/\/www.irriland.it\/es\/wp-json\/wp\/v2\/comments?post=511"}],"version-history":[{"count":0,"href":"https:\/\/www.irriland.it\/es\/wp-json\/wp\/v2\/pages\/511\/revisions"}],"wp:attachment":[{"href":"https:\/\/www.irriland.it\/es\/wp-json\/wp\/v2\/media?parent=511"}],"curies":[{"name":"wp","href":"https:\/\/api.w.org\/{rel}","templated":true}]}}