{"id":509,"date":"2017-05-18T17:17:35","date_gmt":"2017-05-18T15:17:35","guid":{"rendered":"http:\/\/azienda\/"},"modified":"2020-10-23T11:19:45","modified_gmt":"2020-10-23T09:19:45","slug":"gesellschaft","status":"publish","type":"page","link":"https:\/\/www.irriland.it\/de\/gesellschaft\/","title":{"rendered":"GESELLSCHAFT"},"content":{"rendered":"<div class=\"wpb-content-wrapper\"><p>[vc_row type=&#8220;vc_default&#8220; full_width=&#8220;stretch_row_content_no_spaces&#8220; bg_type=&#8220;image&#8220; parallax_style=&#8220;vcpb-vz-jquery&#8220; bg_image_new=&#8220;id^24|url^http:\/\/wp-content\/uploads\/2017\/05\/acciao-zincato.jpg|caption^null|alt^null|title^acciao-zincato|description^null&#8220; enable_overlay=&#8220;enable_overlay_value&#8220; overlay_color=&#8220;rgba(255,255,255,0.6)&#8220; css=&#8220;.vc_custom_1542644355060{margin-bottom: 35px !important;padding-top: 0px !important;}&#8220;][vc_column][vc_row_inner css=&#8220;.vc_custom_1495179982766{margin-top: -35px !important;background-color: #ffffff !important;}&#8220;][vc_column_inner][vc_custom_heading text=&#8220;IRRILAND: EVOLUTION FOREVER&#8220; font_container=&#8220;tag:h2|text_align:center|color:%23000000&#8243; use_theme_fonts=&#8220;yes&#8220;][vc_column_text]<\/p>\n<h3 style=\"text-align: center;\">SICHER UND ZUVERL\u00c4SSIG IM JEDEN BEREICH<\/h3>\n<p>[\/vc_column_text][vc_empty_space height=&#8220;100px&#8220;][\/vc_column_inner][\/vc_row_inner][vc_row_inner css=&#8220;.vc_custom_1495179909572{background-color: rgba(255,255,255,0.6) !important;*background-color: rgb(255,255,255) !important;}&#8220;][vc_column_inner width=&#8220;1\/6&#8243;][\/vc_column_inner][vc_column_inner width=&#8220;1\/3&#8243;][vc_custom_heading text=&#8220;PROFIL&#8220; font_container=&#8220;tag:h2|text_align:left|color:%23000000&#8243; use_theme_fonts=&#8220;yes&#8220;][vc_column_text]Irriland ist ein junges und dynamisches Unternhemen, welches in der Planung, Entwicklung, Herstellung und Service von Beregnungs maschinen, Duesenwagen, Pivot, G\u00fcelle Separator.<\/p>\n<p>Das gesamte Personal ist hoch qualifiziert, da alle \u00fcber langj\u00e4hrige Erfahrung in f\u00fchrenden Unternehmen im Bereich der Bew\u00e4sserung verf\u00fcgen.<br \/>\n[\/vc_column_text][\/vc_column_inner][vc_column_inner width=&#8220;1\/3&#8243;][vc_single_image image=&#8220;2352&#8243; img_size=&#8220;600&#215;300&#8243;][vc_single_image image=&#8220;2342&#8243; img_size=&#8220;600&#215;300&#8243;][\/vc_column_inner][vc_column_inner width=&#8220;1\/6&#8243;][\/vc_column_inner][\/vc_row_inner][vc_row_inner css=&#8220;.vc_custom_1495180458928{background-color: #ffffff !important;}&#8220;][vc_column_inner width=&#8220;1\/6&#8243;][\/vc_column_inner][vc_column_inner width=&#8220;1\/3&#8243;][vc_single_image image=&#8220;2358&#8243; img_size=&#8220;600&#215;350&#8243;][\/vc_column_inner][vc_column_inner width=&#8220;1\/3&#8243;][vc_custom_heading text=&#8220;ANSTALT&#8220; font_container=&#8220;tag:h2|text_align:left|color:%23000000&#8243; use_theme_fonts=&#8220;yes&#8220;][vc_column_text]Die B\u00fcros und das Werk befinden sich auf einer ca. <strong>5000 m2<\/strong> grossen Fl\u00e4che, das Fachpersonal arbeitet in einer ca. 2000 m\u00b2 grossen Werkshalle, w\u00e4hrend f\u00fcr Techniker, Angestellte und Vertriebspersonal 400 m\u00b2 B\u00fcrofl\u00e4che mit den modernsten Ger\u00e4ten bereit stehen<\/p>\n<p>Das Unternehmen verf\u00fcgt \u00fcber ein\u00a0<strong>3D CAD\u00a0System<\/strong> f\u00fcr die Studie und die Entwicklung der neuen Ger\u00e4te[\/vc_column_text][\/vc_column_inner][vc_column_inner width=&#8220;1\/6&#8243;][\/vc_column_inner][\/vc_row_inner][vc_row_inner equal_height=&#8220;yes&#8220; content_placement=&#8220;bottom&#8220; css=&#8220;.vc_custom_1539685494951{background-color: rgba(255,255,255,0.6) !important;*background-color: rgb(255,255,255) !important;}&#8220;][vc_column_inner width=&#8220;1\/6&#8243;][\/vc_column_inner][vc_column_inner width=&#8220;1\/3&#8243;][vc_single_image image=&#8220;1319&#8243; img_size=&#8220;full&#8220; alignment=&#8220;center&#8220;][vc_custom_heading text=&#8220;PLUS&#8220; font_container=&#8220;tag:h2|text_align:left|color:%23000000&#8243; use_theme_fonts=&#8220;yes&#8220;][vc_column_text]Irriland\u00a0in kurzer Zeit seinen Namen auf nationalen und internationalen M\u00e4rkten behaupten, mit <strong>einem breitgef\u00e4cherten Sortiment an Produkten<\/strong>, welches genau auf die Bed\u00fcrfnisse der Kunden abgestimmt ist und mit gro\u00dfer Professionalit\u00e4t <strong>entwickelt und gefertigt wird<\/strong>.[\/vc_column_text][\/vc_column_inner][vc_column_inner width=&#8220;1\/3&#8243;][vc_single_image image=&#8220;1312&#8243; img_size=&#8220;full&#8220; alignment=&#8220;center&#8220;][vc_empty_space height=&#8220;25px&#8220;][\/vc_column_inner][vc_column_inner width=&#8220;1\/6&#8243;][\/vc_column_inner][\/vc_row_inner][\/vc_column][\/vc_row][vc_row type=&#8220;vc_default&#8220; full_width=&#8220;stretch_row_content_no_spaces&#8220; css=&#8220;.vc_custom_1495181522336{margin-top: -35px !important;margin-bottom: -70px !important;}&#8220;][vc_column]<div class=\"shortcode-banner shortcode-banner-link\" style=\"min-height: 200px;background-image: url(https:\/\/www.irriland.it\/wp-content\/uploads\/2017\/05\/banner.jpg)\" onclick=\"window.location.href='http:\/\/prodotti\/';\"><div class=\"shortcode-banner-bg wf-table\" style=\"padding: 10px;min-height: 200px\"><div class=\"shortcode-banner-inside wf-table text-big\" style=\"background-color: rgb(255,255,255);background-color: rgba(255,255,255,0.4);border: solid 10px transparent;outline: solid 3px;outline-color: rgba(255,255,255,0.01);height: 190px\"><div><h2 style=\"text-align: center;\"><span style=\"color: #509531;\">ALL UNSERE PRODUKTE ANSEHEN &gt;&gt;<\/span><\/h2>\n<\/div><\/div><\/div><\/div>[\/vc_column][\/vc_row]<\/p>\n<\/div>","protected":false},"excerpt":{"rendered":"<p>[vc_row type=&#8220;vc_default&#8220; full_width=&#8220;stretch_row_content_no_spaces&#8220; bg_type=&#8220;image&#8220; parallax_style=&#8220;vcpb-vz-jquery&#8220; bg_image_new=&#8220;id^24|url^http:\/\/wp-content\/uploads\/2017\/05\/acciao-zincato.jpg|caption^null|alt^null|title^acciao-zincato|description^null&#8220; enable_overlay=&#8220;enable_overlay_value&#8220; overlay_color=&#8220;rgba(255,255,255,0.6)&#8220; css=&#8220;.vc_custom_1542644355060{margin-bottom: 35px !important;padding-top: 0px !important;}&#8220;][vc_column][vc_row_inner css=&#8220;.vc_custom_1495179982766{margin-top: -35px !important;background-color: #ffffff !important;}&#8220;][vc_column_inner][vc_custom_heading text=&#8220;IRRILAND: EVOLUTION FOREVER&#8220; font_container=&#8220;tag:h2|text_align:center|color:%23000000&#8243; use_theme_fonts=&#8220;yes&#8220;][vc_column_text] SICHER UND ZUVERL\u00c4SSIG IM JEDEN BEREICH [\/vc_column_text][vc_empty_space height=&#8220;100px&#8220;][\/vc_column_inner][\/vc_row_inner][vc_row_inner css=&#8220;.vc_custom_1495179909572{background-color: rgba(255,255,255,0.6) !important;*background-color: rgb(255,255,255) !important;}&#8220;][vc_column_inner width=&#8220;1\/6&#8243;][\/vc_column_inner][vc_column_inner width=&#8220;1\/3&#8243;][vc_custom_heading text=&#8220;PROFIL&#8220; font_container=&#8220;tag:h2|text_align:left|color:%23000000&#8243; use_theme_fonts=&#8220;yes&#8220;][vc_column_text]Irriland ist ein junges und dynamisches Unternhemen, welches in der Planung, Entwicklung, Herstellung und Service&hellip;<\/p>\n","protected":false},"author":1,"featured_media":0,"parent":0,"menu_order":0,"comment_status":"closed","ping_status":"closed","template":"","meta":{"footnotes":""},"class_list":["post-509","page","type-page","status-publish","hentry","description-off"],"yoast_head":"<!-- This site is optimized with the Yoast SEO plugin v25.8 - https:\/\/yoast.com\/wordpress\/plugins\/seo\/ -->\n<title>GESELLSCHAFT | IRRILAND<\/title>\n<meta name=\"robots\" content=\"index, follow, max-snippet:-1, max-image-preview:large, max-video-preview:-1\" \/>\n<link rel=\"canonical\" href=\"https:\/\/www.irriland.it\/de\/gesellschaft\/\" \/>\n<meta property=\"og:locale\" content=\"de_DE\" \/>\n<meta property=\"og:type\" content=\"article\" \/>\n<meta property=\"og:title\" content=\"GESELLSCHAFT | IRRILAND\" \/>\n<meta property=\"og:description\" content=\"[vc_row type=&#8220;vc_default&#8220; full_width=&#8220;stretch_row_content_no_spaces&#8220; bg_type=&#8220;image&#8220; parallax_style=&#8220;vcpb-vz-jquery&#8220; bg_image_new=&#8220;id^24|url^http:\/\/wp-content\/uploads\/2017\/05\/acciao-zincato.jpg|caption^null|alt^null|title^acciao-zincato|description^null&#8220; enable_overlay=&#8220;enable_overlay_value&#8220; overlay_color=&#8220;rgba(255,255,255,0.6)&#8220; css=&#8220;.vc_custom_1542644355060{margin-bottom: 35px !important;padding-top: 0px !important;}&#8220;][vc_column][vc_row_inner css=&#8220;.vc_custom_1495179982766{margin-top: -35px !important;background-color: #ffffff !important;}&#8220;][vc_column_inner][vc_custom_heading text=&#8220;IRRILAND: EVOLUTION FOREVER&#8220; font_container=&#8220;tag:h2|text_align:center|color:%23000000&#8243; use_theme_fonts=&#8220;yes&#8220;][vc_column_text] SICHER UND ZUVERL\u00c4SSIG IM JEDEN BEREICH [\/vc_column_text][vc_empty_space height=&#8220;100px&#8220;][\/vc_column_inner][\/vc_row_inner][vc_row_inner css=&#8220;.vc_custom_1495179909572{background-color: rgba(255,255,255,0.6) !important;*background-color: rgb(255,255,255) !important;}&#8220;][vc_column_inner width=&#8220;1\/6&#8243;][\/vc_column_inner][vc_column_inner width=&#8220;1\/3&#8243;][vc_custom_heading text=&#8220;PROFIL&#8220; font_container=&#8220;tag:h2|text_align:left|color:%23000000&#8243; use_theme_fonts=&#8220;yes&#8220;][vc_column_text]Irriland ist ein junges und dynamisches Unternhemen, welches in der Planung, Entwicklung, Herstellung und Service&hellip;\" \/>\n<meta property=\"og:url\" content=\"https:\/\/www.irriland.it\/de\/gesellschaft\/\" \/>\n<meta property=\"og:site_name\" content=\"IRRILAND\" \/>\n<meta property=\"article:modified_time\" content=\"2020-10-23T09:19:45+00:00\" \/>\n<meta name=\"twitter:card\" content=\"summary_large_image\" \/>\n<meta name=\"twitter:label1\" content=\"Gesch\u00e4tzte Lesezeit\" \/>\n\t<meta name=\"twitter:data1\" content=\"3\u00a0Minuten\" \/>\n<script type=\"application\/ld+json\" class=\"yoast-schema-graph\">{\"@context\":\"https:\/\/schema.org\",\"@graph\":[{\"@type\":\"WebPage\",\"@id\":\"https:\/\/www.irriland.it\/de\/gesellschaft\/\",\"url\":\"https:\/\/www.irriland.it\/de\/gesellschaft\/\",\"name\":\"GESELLSCHAFT | IRRILAND\",\"isPartOf\":{\"@id\":\"https:\/\/www.irriland.it\/#website\"},\"datePublished\":\"2017-05-18T15:17:35+00:00\",\"dateModified\":\"2020-10-23T09:19:45+00:00\",\"breadcrumb\":{\"@id\":\"https:\/\/www.irriland.it\/de\/gesellschaft\/#breadcrumb\"},\"inLanguage\":\"de\",\"potentialAction\":[{\"@type\":\"ReadAction\",\"target\":[\"https:\/\/www.irriland.it\/de\/gesellschaft\/\"]}]},{\"@type\":\"BreadcrumbList\",\"@id\":\"https:\/\/www.irriland.it\/de\/gesellschaft\/#breadcrumb\",\"itemListElement\":[{\"@type\":\"ListItem\",\"position\":1,\"name\":\"Home\",\"item\":\"https:\/\/www.irriland.it\/de\/\"},{\"@type\":\"ListItem\",\"position\":2,\"name\":\"GESELLSCHAFT\"}]},{\"@type\":\"WebSite\",\"@id\":\"https:\/\/www.irriland.it\/#website\",\"url\":\"https:\/\/www.irriland.it\/\",\"name\":\"IRRILAND\",\"description\":\"Generatori al cardano, pivot e sistemi lineari\",\"publisher\":{\"@id\":\"https:\/\/www.irriland.it\/#organization\"},\"potentialAction\":[{\"@type\":\"SearchAction\",\"target\":{\"@type\":\"EntryPoint\",\"urlTemplate\":\"https:\/\/www.irriland.it\/?s={search_term_string}\"},\"query-input\":{\"@type\":\"PropertyValueSpecification\",\"valueRequired\":true,\"valueName\":\"search_term_string\"}}],\"inLanguage\":\"de\"},{\"@type\":\"Organization\",\"@id\":\"https:\/\/www.irriland.it\/#organization\",\"name\":\"Irriland srl\",\"url\":\"https:\/\/www.irriland.it\/\",\"logo\":{\"@type\":\"ImageObject\",\"inLanguage\":\"de\",\"@id\":\"https:\/\/www.irriland.it\/#\/schema\/logo\/image\/\",\"url\":\"https:\/\/www.irriland.it\/wp-content\/uploads\/2020\/10\/hd.png\",\"contentUrl\":\"https:\/\/www.irriland.it\/wp-content\/uploads\/2020\/10\/hd.png\",\"width\":362,\"height\":200,\"caption\":\"Irriland srl\"},\"image\":{\"@id\":\"https:\/\/www.irriland.it\/#\/schema\/logo\/image\/\"}}]}<\/script>\n<!-- \/ Yoast SEO plugin. -->","yoast_head_json":{"title":"GESELLSCHAFT | IRRILAND","robots":{"index":"index","follow":"follow","max-snippet":"max-snippet:-1","max-image-preview":"max-image-preview:large","max-video-preview":"max-video-preview:-1"},"canonical":"https:\/\/www.irriland.it\/de\/gesellschaft\/","og_locale":"de_DE","og_type":"article","og_title":"GESELLSCHAFT | IRRILAND","og_description":"[vc_row type=&#8220;vc_default&#8220; full_width=&#8220;stretch_row_content_no_spaces&#8220; bg_type=&#8220;image&#8220; parallax_style=&#8220;vcpb-vz-jquery&#8220; bg_image_new=&#8220;id^24|url^http:\/\/wp-content\/uploads\/2017\/05\/acciao-zincato.jpg|caption^null|alt^null|title^acciao-zincato|description^null&#8220; enable_overlay=&#8220;enable_overlay_value&#8220; overlay_color=&#8220;rgba(255,255,255,0.6)&#8220; css=&#8220;.vc_custom_1542644355060{margin-bottom: 35px !important;padding-top: 0px !important;}&#8220;][vc_column][vc_row_inner css=&#8220;.vc_custom_1495179982766{margin-top: -35px !important;background-color: #ffffff !important;}&#8220;][vc_column_inner][vc_custom_heading text=&#8220;IRRILAND: EVOLUTION FOREVER&#8220; font_container=&#8220;tag:h2|text_align:center|color:%23000000&#8243; use_theme_fonts=&#8220;yes&#8220;][vc_column_text] SICHER UND ZUVERL\u00c4SSIG IM JEDEN BEREICH [\/vc_column_text][vc_empty_space height=&#8220;100px&#8220;][\/vc_column_inner][\/vc_row_inner][vc_row_inner css=&#8220;.vc_custom_1495179909572{background-color: rgba(255,255,255,0.6) !important;*background-color: rgb(255,255,255) !important;}&#8220;][vc_column_inner width=&#8220;1\/6&#8243;][\/vc_column_inner][vc_column_inner width=&#8220;1\/3&#8243;][vc_custom_heading text=&#8220;PROFIL&#8220; font_container=&#8220;tag:h2|text_align:left|color:%23000000&#8243; use_theme_fonts=&#8220;yes&#8220;][vc_column_text]Irriland ist ein junges und dynamisches Unternhemen, welches in der Planung, Entwicklung, Herstellung und Service&hellip;","og_url":"https:\/\/www.irriland.it\/de\/gesellschaft\/","og_site_name":"IRRILAND","article_modified_time":"2020-10-23T09:19:45+00:00","twitter_card":"summary_large_image","twitter_misc":{"Gesch\u00e4tzte Lesezeit":"3\u00a0Minuten"},"schema":{"@context":"https:\/\/schema.org","@graph":[{"@type":"WebPage","@id":"https:\/\/www.irriland.it\/de\/gesellschaft\/","url":"https:\/\/www.irriland.it\/de\/gesellschaft\/","name":"GESELLSCHAFT | IRRILAND","isPartOf":{"@id":"https:\/\/www.irriland.it\/#website"},"datePublished":"2017-05-18T15:17:35+00:00","dateModified":"2020-10-23T09:19:45+00:00","breadcrumb":{"@id":"https:\/\/www.irriland.it\/de\/gesellschaft\/#breadcrumb"},"inLanguage":"de","potentialAction":[{"@type":"ReadAction","target":["https:\/\/www.irriland.it\/de\/gesellschaft\/"]}]},{"@type":"BreadcrumbList","@id":"https:\/\/www.irriland.it\/de\/gesellschaft\/#breadcrumb","itemListElement":[{"@type":"ListItem","position":1,"name":"Home","item":"https:\/\/www.irriland.it\/de\/"},{"@type":"ListItem","position":2,"name":"GESELLSCHAFT"}]},{"@type":"WebSite","@id":"https:\/\/www.irriland.it\/#website","url":"https:\/\/www.irriland.it\/","name":"IRRILAND","description":"Generatori al cardano, pivot e sistemi lineari","publisher":{"@id":"https:\/\/www.irriland.it\/#organization"},"potentialAction":[{"@type":"SearchAction","target":{"@type":"EntryPoint","urlTemplate":"https:\/\/www.irriland.it\/?s={search_term_string}"},"query-input":{"@type":"PropertyValueSpecification","valueRequired":true,"valueName":"search_term_string"}}],"inLanguage":"de"},{"@type":"Organization","@id":"https:\/\/www.irriland.it\/#organization","name":"Irriland srl","url":"https:\/\/www.irriland.it\/","logo":{"@type":"ImageObject","inLanguage":"de","@id":"https:\/\/www.irriland.it\/#\/schema\/logo\/image\/","url":"https:\/\/www.irriland.it\/wp-content\/uploads\/2020\/10\/hd.png","contentUrl":"https:\/\/www.irriland.it\/wp-content\/uploads\/2020\/10\/hd.png","width":362,"height":200,"caption":"Irriland srl"},"image":{"@id":"https:\/\/www.irriland.it\/#\/schema\/logo\/image\/"}}]}},"_links":{"self":[{"href":"https:\/\/www.irriland.it\/de\/wp-json\/wp\/v2\/pages\/509","targetHints":{"allow":["GET"]}}],"collection":[{"href":"https:\/\/www.irriland.it\/de\/wp-json\/wp\/v2\/pages"}],"about":[{"href":"https:\/\/www.irriland.it\/de\/wp-json\/wp\/v2\/types\/page"}],"author":[{"embeddable":true,"href":"https:\/\/www.irriland.it\/de\/wp-json\/wp\/v2\/users\/1"}],"replies":[{"embeddable":true,"href":"https:\/\/www.irriland.it\/de\/wp-json\/wp\/v2\/comments?post=509"}],"version-history":[{"count":0,"href":"https:\/\/www.irriland.it\/de\/wp-json\/wp\/v2\/pages\/509\/revisions"}],"wp:attachment":[{"href":"https:\/\/www.irriland.it\/de\/wp-json\/wp\/v2\/media?parent=509"}],"curies":[{"name":"wp","href":"https:\/\/api.w.org\/{rel}","templated":true}]}}